{"id":2410,"date":"2025-06-03T13:08:19","date_gmt":"2025-06-03T11:08:19","guid":{"rendered":"https:\/\/museumzone-hismus.eu\/?page_id=2410"},"modified":"2025-06-23T20:50:06","modified_gmt":"2025-06-23T18:50:06","slug":"kresimir-cosic","status":"publish","type":"page","link":"https:\/\/museumzone-hismus.eu\/en\/stars-of-croatian-history\/sport\/kresimir-cosic\/","title":{"rendered":"Kre\u0161imir \u0106osi\u0107"},"content":{"rendered":"","protected":false},"excerpt":{"rendered":"","protected":false},"author":1,"featured_media":0,"parent":2403,"menu_order":0,"comment_status":"closed","ping_status":"closed","template":"","meta":{"footnotes":""},"class_list":["post-2410","page","type-page","status-publish","hentry"],"_links":{"self":[{"href":"https:\/\/museumzone-hismus.eu\/en\/wp-json\/wp\/v2\/pages\/2410","targetHints":{"allow":["GET"]}}],"collection":[{"href":"https:\/\/museumzone-hismus.eu\/en\/wp-json\/wp\/v2\/pages"}],"about":[{"href":"https:\/\/museumzone-hismus.eu\/en\/wp-json\/wp\/v2\/types\/page"}],"author":[{"embeddable":true,"href":"https:\/\/museumzone-hismus.eu\/en\/wp-json\/wp\/v2\/users\/1"}],"replies":[{"embeddable":true,"href":"https:\/\/museumzone-hismus.eu\/en\/wp-json\/wp\/v2\/comments?post=2410"}],"version-history":[{"count":1,"href":"https:\/\/museumzone-hismus.eu\/en\/wp-json\/wp\/v2\/pages\/2410\/revisions"}],"predecessor-version":[{"id":2518,"href":"https:\/\/museumzone-hismus.eu\/en\/wp-json\/wp\/v2\/pages\/2410\/revisions\/2518"}],"up":[{"embeddable":true,"href":"https:\/\/museumzone-hismus.eu\/en\/wp-json\/wp\/v2\/pages\/2403"}],"wp:attachment":[{"href":"https:\/\/museumzone-hismus.eu\/en\/wp-json\/wp\/v2\/media?parent=2410"}],"curies":[{"name":"wp","href":"https:\/\/api.w.org\/{rel}","templated":true}]}}