{"id":2465,"date":"2025-06-08T23:05:10","date_gmt":"2025-06-08T21:05:10","guid":{"rendered":"https:\/\/museumzone-hismus.eu\/?page_id=2465"},"modified":"2025-06-18T16:19:14","modified_gmt":"2025-06-18T14:19:14","slug":"ruder-boskovic","status":"publish","type":"page","link":"https:\/\/museumzone-hismus.eu\/en\/stars-of-croatian-history\/science\/ruder-boskovic\/","title":{"rendered":"Ru\u0111er Bo\u0161kovi\u0107"},"content":{"rendered":"","protected":false},"excerpt":{"rendered":"","protected":false},"author":1,"featured_media":0,"parent":2425,"menu_order":0,"comment_status":"closed","ping_status":"closed","template":"","meta":{"footnotes":""},"class_list":["post-2465","page","type-page","status-publish","hentry"],"_links":{"self":[{"href":"https:\/\/museumzone-hismus.eu\/en\/wp-json\/wp\/v2\/pages\/2465","targetHints":{"allow":["GET"]}}],"collection":[{"href":"https:\/\/museumzone-hismus.eu\/en\/wp-json\/wp\/v2\/pages"}],"about":[{"href":"https:\/\/museumzone-hismus.eu\/en\/wp-json\/wp\/v2\/types\/page"}],"author":[{"embeddable":true,"href":"https:\/\/museumzone-hismus.eu\/en\/wp-json\/wp\/v2\/users\/1"}],"replies":[{"embeddable":true,"href":"https:\/\/museumzone-hismus.eu\/en\/wp-json\/wp\/v2\/comments?post=2465"}],"version-history":[{"count":0,"href":"https:\/\/museumzone-hismus.eu\/en\/wp-json\/wp\/v2\/pages\/2465\/revisions"}],"up":[{"embeddable":true,"href":"https:\/\/museumzone-hismus.eu\/en\/wp-json\/wp\/v2\/pages\/2425"}],"wp:attachment":[{"href":"https:\/\/museumzone-hismus.eu\/en\/wp-json\/wp\/v2\/media?parent=2465"}],"curies":[{"name":"wp","href":"https:\/\/api.w.org\/{rel}","templated":true}]}}